{"id":7,"date":"2024-02-28T21:12:51","date_gmt":"2024-02-28T21:12:51","guid":{"rendered":"https:\/\/tapisthermique.com\/?page_id=7"},"modified":"2024-03-14T15:16:09","modified_gmt":"2024-03-14T15:16:09","slug":"accueil","status":"publish","type":"page","link":"https:\/\/tapisthermique.com\/","title":{"rendered":"Accueil"},"content":{"rendered":"\t\t<div data-elementor-type=\"wp-post\" data-elementor-id=\"7\" class=\"elementor elementor-7\" data-elementor-post-type=\"page\">\n\t\t\t\t<div class=\"elementor-element elementor-element-391225b e-con-full e-flex e-con e-parent\" data-id=\"391225b\" data-element_type=\"container\" data-settings=\"{&quot;content_width&quot;:&quot;full&quot;,&quot;background_background&quot;:&quot;classic&quot;}\" data-core-v316-plus=\"true\">\n\t\t<div class=\"elementor-element elementor-element-d5b625d e-flex e-con-boxed e-con e-child\" data-id=\"d5b625d\" data-element_type=\"container\" data-settings=\"{&quot;content_width&quot;:&quot;boxed&quot;}\">\n\t\t\t\t\t<div class=\"e-con-inner\">\n\t\t<div class=\"elementor-element elementor-element-b389e3b e-con-full e-flex e-con e-child\" data-id=\"b389e3b\" data-element_type=\"container\" data-settings=\"{&quot;content_width&quot;:&quot;full&quot;,&quot;background_background&quot;:&quot;classic&quot;}\">\n\t\t\t\t<div class=\"elementor-element elementor-element-da18477 elementor-widget elementor-widget-heading\" data-id=\"da18477\" data-element_type=\"widget\" data-widget_type=\"heading.default\">\n\t\t\t\t<div class=\"elementor-widget-container\">\n\t\t\t<style>\/*! elementor - v3.19.0 - 28-02-2024 *\/\n.elementor-heading-title{padding:0;margin:0;line-height:1}.elementor-widget-heading .elementor-heading-title[class*=elementor-size-]>a{color:inherit;font-size:inherit;line-height:inherit}.elementor-widget-heading .elementor-heading-title.elementor-size-small{font-size:15px}.elementor-widget-heading .elementor-heading-title.elementor-size-medium{font-size:19px}.elementor-widget-heading .elementor-heading-title.elementor-size-large{font-size:29px}.elementor-widget-heading .elementor-heading-title.elementor-size-xl{font-size:39px}.elementor-widget-heading .elementor-heading-title.elementor-size-xxl{font-size:59px}<\/style><h1 class=\"elementor-heading-title elementor-size-default\">TAPIS CHAUFFANTS EXT\u00c9RIEURS<\/h1>\t\t<\/div>\n\t\t\t\t<\/div>\n\t\t\t\t<div class=\"elementor-element elementor-element-c50da39 elementor-widget elementor-widget-heading\" data-id=\"c50da39\" data-element_type=\"widget\" data-widget_type=\"heading.default\">\n\t\t\t\t<div class=\"elementor-widget-container\">\n\t\t\t<h2 class=\"elementor-heading-title elementor-size-default\">Ne pelletez plus!<\/h2>\t\t<\/div>\n\t\t\t\t<\/div>\n\t\t\t\t<\/div>\n\t\t\t\t\t<\/div>\n\t\t\t\t<\/div>\n\t\t\t\t<\/div>\n\t\t<div class=\"elementor-element elementor-element-f74b8a4 e-flex e-con-boxed e-con e-parent\" data-id=\"f74b8a4\" data-element_type=\"container\" id=\"a-propos\" data-settings=\"{&quot;content_width&quot;:&quot;boxed&quot;}\" data-core-v316-plus=\"true\">\n\t\t\t\t\t<div class=\"e-con-inner\">\n\t\t<div class=\"elementor-element elementor-element-dd063a7 e-flex e-con-boxed e-con e-child\" data-id=\"dd063a7\" data-element_type=\"container\" data-settings=\"{&quot;content_width&quot;:&quot;boxed&quot;}\">\n\t\t\t\t\t<div class=\"e-con-inner\">\n\t\t<div class=\"elementor-element elementor-element-6860db8 e-con-full e-flex e-con e-child\" data-id=\"6860db8\" data-element_type=\"container\" data-settings=\"{&quot;content_width&quot;:&quot;full&quot;,&quot;background_background&quot;:&quot;classic&quot;}\">\n\t\t\t\t<\/div>\n\t\t<div class=\"elementor-element elementor-element-6df1232 e-con-full e-flex e-con e-child\" data-id=\"6df1232\" data-element_type=\"container\" data-settings=\"{&quot;content_width&quot;:&quot;full&quot;}\">\n\t\t\t\t<div class=\"elementor-element elementor-element-fdf6e96 elementor-widget elementor-widget-heading\" data-id=\"fdf6e96\" data-element_type=\"widget\" data-widget_type=\"heading.default\">\n\t\t\t\t<div class=\"elementor-widget-container\">\n\t\t\t<h3 class=\"elementor-heading-title elementor-size-default\">Cr\u00e9ez un environnement s\u00e9curitaire et sec autour de votre maison et de vos complexes commerciaux avec les <span class=\"orange\">tapis<\/span> <span class=\"red\">thermiques<\/span><\/h3>\t\t<\/div>\n\t\t\t\t<\/div>\n\t\t\t\t<div class=\"elementor-element elementor-element-d38ab9c elementor-widget elementor-widget-text-editor\" data-id=\"d38ab9c\" data-element_type=\"widget\" data-widget_type=\"text-editor.default\">\n\t\t\t\t<div class=\"elementor-widget-container\">\n\t\t\t<style>\/*! elementor - v3.19.0 - 28-02-2024 *\/\n.elementor-widget-text-editor.elementor-drop-cap-view-stacked .elementor-drop-cap{background-color:#69727d;color:#fff}.elementor-widget-text-editor.elementor-drop-cap-view-framed .elementor-drop-cap{color:#69727d;border:3px solid;background-color:transparent}.elementor-widget-text-editor:not(.elementor-drop-cap-view-default) .elementor-drop-cap{margin-top:8px}.elementor-widget-text-editor:not(.elementor-drop-cap-view-default) .elementor-drop-cap-letter{width:1em;height:1em}.elementor-widget-text-editor .elementor-drop-cap{float:left;text-align:center;line-height:1;font-size:50px}.elementor-widget-text-editor .elementor-drop-cap-letter{display:inline-block}<\/style>\t\t\t\t<ul>\n<li>\u00c9viter les accidents<\/li>\n<li>Enti\u00e8rement personnalisable pour s\u2019adapter \u00e0 n\u2019importe quel espace<\/li>\n<li>Facile \u00e0 installer et op\u00e9rer<\/li>\n<li>R\u00e9utilisable et durable<\/li>\n<li>Contr\u00f4lable avec une application intelligente<\/li>\n<li>Abordable et r\u00e9parable<\/li>\n<li>Tailles personnalis\u00e9es disponibles<\/li>\n<li>Garantie 2 ans<\/li>\n<li>Fabriqu\u00e9 au Qu\u00e9bec<\/li>\n<\/ul>\t\t\t\t\t\t<\/div>\n\t\t\t\t<\/div>\n\t\t\t\t<\/div>\n\t\t\t\t\t<\/div>\n\t\t\t\t<\/div>\n\t\t\t\t\t<\/div>\n\t\t\t\t<\/div>\n\t\t<div class=\"elementor-element elementor-element-8c5741a e-flex e-con-boxed e-con e-parent\" data-id=\"8c5741a\" data-element_type=\"container\" data-settings=\"{&quot;content_width&quot;:&quot;boxed&quot;}\" data-core-v316-plus=\"true\">\n\t\t\t\t\t<div class=\"e-con-inner\">\n\t\t<div class=\"elementor-element elementor-element-b0527e2 e-flex e-con-boxed e-con e-child\" data-id=\"b0527e2\" data-element_type=\"container\" data-settings=\"{&quot;content_width&quot;:&quot;boxed&quot;}\">\n\t\t\t\t\t<div class=\"e-con-inner\">\n\t\t<div class=\"elementor-element elementor-element-51ed358 e-con-full e-flex e-con e-child\" data-id=\"51ed358\" data-element_type=\"container\" data-settings=\"{&quot;content_width&quot;:&quot;full&quot;}\">\n\t\t\t\t<div class=\"elementor-element elementor-element-523db64 elementor-widget elementor-widget-heading\" data-id=\"523db64\" data-element_type=\"widget\" data-widget_type=\"heading.default\">\n\t\t\t\t<div class=\"elementor-widget-container\">\n\t\t\t<h3 class=\"elementor-heading-title elementor-size-default\">GARDEZ VOS ENTR\u00c9ES, ALL\u00c9ES ET ESCALIERS LIBRES DE NEIGE ET DE GLACE AVEC <span class=\"orange\">tapis<\/span> <span class=\"red\">thermiques<\/span>, LE TAPIS EXT\u00c9RIEUR CHAUFF\u00c9<\/h3>\t\t<\/div>\n\t\t\t\t<\/div>\n\t\t\t\t<div class=\"elementor-element elementor-element-2d73c25 elementor-widget elementor-widget-text-editor\" data-id=\"2d73c25\" data-element_type=\"widget\" data-widget_type=\"text-editor.default\">\n\t\t\t\t<div class=\"elementor-widget-container\">\n\t\t\t\t\t\t\t<p>Tapis Thermiques \u00e9vaporent rapidement toute l\u2019humidit\u00e9, laissant les voies s\u00e8ches et s\u00e9curitaires.<\/p><ul><li>Facile \u00e0 installer et op\u00e9rer<\/li><li>R\u00e9utilisable et durable<\/li><\/ul>\t\t\t\t\t\t<\/div>\n\t\t\t\t<\/div>\n\t\t\t\t<\/div>\n\t\t<div class=\"elementor-element elementor-element-21bf5e3 e-con-full e-flex e-con e-child\" data-id=\"21bf5e3\" data-element_type=\"container\" data-settings=\"{&quot;content_width&quot;:&quot;full&quot;,&quot;background_background&quot;:&quot;classic&quot;}\">\n\t\t\t\t<\/div>\n\t\t\t\t\t<\/div>\n\t\t\t\t<\/div>\n\t\t\t\t\t<\/div>\n\t\t\t\t<\/div>\n\t\t<div class=\"elementor-element elementor-element-cca40c8 e-con-full e-flex e-con e-parent\" data-id=\"cca40c8\" data-element_type=\"container\" id=\"services\" data-settings=\"{&quot;content_width&quot;:&quot;full&quot;,&quot;background_background&quot;:&quot;classic&quot;}\" data-core-v316-plus=\"true\">\n\t\t<div class=\"elementor-element elementor-element-a6a5b51 e-flex e-con-boxed e-con e-child\" data-id=\"a6a5b51\" data-element_type=\"container\" data-settings=\"{&quot;content_width&quot;:&quot;boxed&quot;}\">\n\t\t\t\t\t<div class=\"e-con-inner\">\n\t\t<div class=\"elementor-element elementor-element-c24730d e-con-full e-flex e-con e-child\" data-id=\"c24730d\" data-element_type=\"container\" data-settings=\"{&quot;content_width&quot;:&quot;full&quot;}\">\n\t\t\t\t<div class=\"elementor-element elementor-element-69f86eb elementor-widget elementor-widget-heading\" data-id=\"69f86eb\" data-element_type=\"widget\" data-widget_type=\"heading.default\">\n\t\t\t\t<div class=\"elementor-widget-container\">\n\t\t\t<h3 class=\"elementor-heading-title elementor-size-default\">R\u00c9DUISEZ LES CHUTES ET LES GLISSADES EN HIVER AVEC LES TAPIS CHAUFFANTS <span class=\"orange\">tapis<\/span> <span class=\"red\">thermiques<\/span><\/h3>\t\t<\/div>\n\t\t\t\t<\/div>\n\t\t\t\t<div class=\"elementor-element elementor-element-918d953 elementor-widget elementor-widget-heading\" data-id=\"918d953\" data-element_type=\"widget\" data-widget_type=\"heading.default\">\n\t\t\t\t<div class=\"elementor-widget-container\">\n\t\t\t<h5 class=\"elementor-heading-title elementor-size-default\">Connectez les tapis \u00e0 une prise \u00e9lectrique ext\u00e9rieure standard de 120V et contr\u00f4lez-les \u00e0 distance avec une application intelligente.<\/h5>\t\t<\/div>\n\t\t\t\t<\/div>\n\t\t\t\t<div class=\"elementor-element elementor-element-08f79d4 elementor-widget elementor-widget-text-editor\" data-id=\"08f79d4\" data-element_type=\"widget\" data-widget_type=\"text-editor.default\">\n\t\t\t\t<div class=\"elementor-widget-container\">\n\t\t\t\t\t\t\tCon\u00e7us pour les hivers extr\u00eames, les <strong>Tapis Thermiques<\/strong> font fondre 2 pouces de neige par heure. D\u00e9posez-les, branchez et laissez-les dehors tout l\u2019hiver. Lorsqu\u2019ils sont utilis\u00e9s, les <strong>Tapis Thermiques<\/strong> \u00e9vaporent rapidement toute l\u2019humidit\u00e9, laissant les voies s\u00e8ches et s\u00e9curitaires.\t\t\t\t\t\t<\/div>\n\t\t\t\t<\/div>\n\t\t\t\t<\/div>\n\t\t<div class=\"elementor-element elementor-element-3caf023 e-con-full e-flex e-con e-child\" data-id=\"3caf023\" data-element_type=\"container\" data-settings=\"{&quot;content_width&quot;:&quot;full&quot;}\">\n\t\t\t\t<div class=\"elementor-element elementor-element-2f0f53c elementor-widget elementor-widget-text-editor\" data-id=\"2f0f53c\" data-element_type=\"widget\" data-widget_type=\"text-editor.default\">\n\t\t\t\t<div class=\"elementor-widget-container\">\n\t\t\t\t\t\t\t<p>Fabriqu\u00e9s au Qu\u00e9bec, \u00e0 partir de caoutchouc recycl\u00e9, les <strong>Tapis Thermiques<\/strong> sont pratiques et durables. Ils vous donneront de nombreuses ann\u00e9es d\u2019utilisation. Ils sont la solution id\u00e9ale pour votre r\u00e9sidence ainsi que pour les b\u00e2timents commerciaux, \u00e9tablissements industriels et des petites entreprises.<\/p><p>Disponible dans ces dimensions :<\/p><ul><li>10&#8243; x 48&#8243;<\/li><li>10&#8243; x 60&#8243;<\/li><li>12&#8243; x 48&#8243;<\/li><li>12&#8243; x 60&#8243;<\/li><\/ul><p><em>Si vous souhaitez une taille sur-mesure, veuillez nous contacter pour plus d\u2019informations.<\/em><\/p>\t\t\t\t\t\t<\/div>\n\t\t\t\t<\/div>\n\t\t\t\t<\/div>\n\t\t\t\t\t<\/div>\n\t\t\t\t<\/div>\n\t\t\t\t<\/div>\n\t\t<div class=\"elementor-element elementor-element-7d387fa e-con-full e-flex e-con e-parent\" data-id=\"7d387fa\" data-element_type=\"container\" id=\"contact\" data-settings=\"{&quot;content_width&quot;:&quot;full&quot;,&quot;background_background&quot;:&quot;classic&quot;}\" data-core-v316-plus=\"true\">\n\t\t<div class=\"elementor-element elementor-element-6855259 e-flex e-con-boxed e-con e-child\" data-id=\"6855259\" data-element_type=\"container\" data-settings=\"{&quot;content_width&quot;:&quot;boxed&quot;}\">\n\t\t\t\t\t<div class=\"e-con-inner\">\n\t\t<div class=\"elementor-element elementor-element-9683b2c e-con-full e-flex e-con e-child\" data-id=\"9683b2c\" data-element_type=\"container\" data-settings=\"{&quot;content_width&quot;:&quot;full&quot;}\">\n\t\t\t\t<div class=\"elementor-element elementor-element-7107556 elementor-widget elementor-widget-heading\" data-id=\"7107556\" data-element_type=\"widget\" data-widget_type=\"heading.default\">\n\t\t\t\t<div class=\"elementor-widget-container\">\n\t\t\t<h3 class=\"elementor-heading-title elementor-size-default\">Des tapis de taille personnalis\u00e9e pouvant \u00eatre fabriqu\u00e9s selon vos sp\u00e9cifications<\/h3>\t\t<\/div>\n\t\t\t\t<\/div>\n\t\t\t\t<div class=\"elementor-element elementor-element-895765b elementor-widget elementor-widget-text-editor\" data-id=\"895765b\" data-element_type=\"widget\" data-widget_type=\"text-editor.default\">\n\t\t\t\t<div class=\"elementor-widget-container\">\n\t\t\t\t\t\t\tVeuillez envoyer un courriel \u00e0 <a href=\"mailto:service@tapisthermique.com\">service@tapisthermique.com<\/a> pour obtenir une soumission gratuite.\t\t\t\t\t\t<\/div>\n\t\t\t\t<\/div>\n\t\t\t\t<\/div>\n\t\t\t\t\t<\/div>\n\t\t\t\t<\/div>\n\t\t\t\t<\/div>\n\t\t\t\t<\/div>\n\t\t","protected":false},"excerpt":{"rendered":"<p>TAPIS CHAUFFANTS EXT\u00c9RIEURS Ne pelletez plus! Cr\u00e9ez un environnement s\u00e9curitaire et sec autour de votre maison et de vos complexes commerciaux avec les tapis thermiques \u00c9viter les accidents Enti\u00e8rement personnalisable pour s\u2019adapter \u00e0 n\u2019importe quel espace Facile \u00e0 installer et op\u00e9rer R\u00e9utilisable et durable Contr\u00f4lable avec une application intelligente Abordable et r\u00e9parable Tailles personnalis\u00e9es disponibles [&hellip;]<\/p>\n","protected":false},"author":1,"featured_media":0,"parent":0,"menu_order":0,"comment_status":"closed","ping_status":"closed","template":"","meta":{"footnotes":""},"class_list":["post-7","page","type-page","status-publish","hentry"],"_links":{"self":[{"href":"https:\/\/tapisthermique.com\/index.php?rest_route=\/wp\/v2\/pages\/7","targetHints":{"allow":["GET"]}}],"collection":[{"href":"https:\/\/tapisthermique.com\/index.php?rest_route=\/wp\/v2\/pages"}],"about":[{"href":"https:\/\/tapisthermique.com\/index.php?rest_route=\/wp\/v2\/types\/page"}],"author":[{"embeddable":true,"href":"https:\/\/tapisthermique.com\/index.php?rest_route=\/wp\/v2\/users\/1"}],"replies":[{"embeddable":true,"href":"https:\/\/tapisthermique.com\/index.php?rest_route=%2Fwp%2Fv2%2Fcomments&post=7"}],"version-history":[{"count":218,"href":"https:\/\/tapisthermique.com\/index.php?rest_route=\/wp\/v2\/pages\/7\/revisions"}],"predecessor-version":[{"id":304,"href":"https:\/\/tapisthermique.com\/index.php?rest_route=\/wp\/v2\/pages\/7\/revisions\/304"}],"wp:attachment":[{"href":"https:\/\/tapisthermique.com\/index.php?rest_route=%2Fwp%2Fv2%2Fmedia&parent=7"}],"curies":[{"name":"wp","href":"https:\/\/api.w.org\/{rel}","templated":true}]}}